{"id":46,"date":"2014-12-27T17:52:31","date_gmt":"2014-12-27T16:52:31","guid":{"rendered":"http:\/\/www.bootsvertrieb-schulz.de?page_id=46"},"modified":"2023-02-26T09:54:07","modified_gmt":"2023-02-26T08:54:07","slug":"zubehoer","status":"publish","type":"page","link":"https:\/\/www.bootsvertrieb-schulz.de\/?page_id=46","title":{"rendered":"Zubeh\u00f6r"},"content":{"rendered":"<p>Wir bieten s\u00e4mtliches Zubeh\u00f6r f\u00fcr Sport- und Motorboote an.<\/p>\n<p>Hier ein Auszug aus unserem Angebot:<\/p>\n<ul>\n<li>Anker und Festmacher<\/li>\n<li>Elektronik<\/li>\n<li>Beleuchtung<\/li>\n<li>Luken<\/li>\n<li>Frisch- und Abwasserkomponenten<\/li>\n<li>Gaskocher und Zuebeh\u00f6r f\u00fcr Boot, Caravan und Freizeit<\/li>\n<li>Farben und Lacke<\/li>\n<li>Reinigungsmittel f\u00fcr Boot und Caravan<\/li>\n<li>Zubeh\u00f6r f\u00fcr Schlauchboote, Kanus und Kajaks<\/li>\n<li>Befestigungsmaterial f\u00fcr Planen und Abdeckungen<\/li>\n<li>&#8230;<\/li>\n<\/ul>\n","protected":false},"excerpt":{"rendered":"<p>Wir bieten s\u00e4mtliches Zubeh\u00f6r f\u00fcr Sport- und Motorboote an. Hier ein Auszug aus unserem Angebot: Anker und Festmacher Elektronik Beleuchtung Luken Frisch- und Abwasserkomponenten Gaskocher und Zuebeh\u00f6r f\u00fcr Boot, Caravan und Freizeit Farben und Lacke Reinigungsmittel f\u00fcr Boot und Caravan Zubeh\u00f6r f\u00fcr Schlauchboote, Kanus und Kajaks Befestigungsmaterial f\u00fcr Planen und Abdeckungen &#8230;<\/p>\n","protected":false},"author":1,"featured_media":0,"parent":37,"menu_order":0,"comment_status":"closed","ping_status":"closed","template":"","meta":{"footnotes":""},"class_list":["post-46","page","type-page","status-publish","hentry"],"_links":{"self":[{"href":"https:\/\/www.bootsvertrieb-schulz.de\/index.php?rest_route=\/wp\/v2\/pages\/46","targetHints":{"allow":["GET"]}}],"collection":[{"href":"https:\/\/www.bootsvertrieb-schulz.de\/index.php?rest_route=\/wp\/v2\/pages"}],"about":[{"href":"https:\/\/www.bootsvertrieb-schulz.de\/index.php?rest_route=\/wp\/v2\/types\/page"}],"author":[{"embeddable":true,"href":"https:\/\/www.bootsvertrieb-schulz.de\/index.php?rest_route=\/wp\/v2\/users\/1"}],"replies":[{"embeddable":true,"href":"https:\/\/www.bootsvertrieb-schulz.de\/index.php?rest_route=%2Fwp%2Fv2%2Fcomments&post=46"}],"version-history":[{"count":4,"href":"https:\/\/www.bootsvertrieb-schulz.de\/index.php?rest_route=\/wp\/v2\/pages\/46\/revisions"}],"predecessor-version":[{"id":132,"href":"https:\/\/www.bootsvertrieb-schulz.de\/index.php?rest_route=\/wp\/v2\/pages\/46\/revisions\/132"}],"up":[{"embeddable":true,"href":"https:\/\/www.bootsvertrieb-schulz.de\/index.php?rest_route=\/wp\/v2\/pages\/37"}],"wp:attachment":[{"href":"https:\/\/www.bootsvertrieb-schulz.de\/index.php?rest_route=%2Fwp%2Fv2%2Fmedia&parent=46"}],"curies":[{"name":"wp","href":"https:\/\/api.w.org\/{rel}","templated":true}]}}