{"id":42,"date":"2014-12-27T17:51:47","date_gmt":"2014-12-27T16:51:47","guid":{"rendered":"http:\/\/www.bootsvertrieb-schulz.de?page_id=42"},"modified":"2025-06-12T10:13:17","modified_gmt":"2025-06-12T09:13:17","slug":"motoren","status":"publish","type":"page","link":"https:\/\/www.bootsvertrieb-schulz.de\/?page_id=42","title":{"rendered":"Motoren"},"content":{"rendered":"<p>Gerne bieten wir Ihnen als Ansprechpartner die passende Motorisierung f\u00fcr Ihr Boot an, ob als Hauptantrieb oder als Hilfsmotor.<\/p>\n<p>Sie bekommen bei uns Ersatzteile, sowie Zubeh\u00f6r f\u00fcr Ihre Motoren.<\/p>\n<p>F\u00fcr Anfragen per E-Mail bitte Name und Telefonnummer mit angeben, um Ihr Anliegen schnellstm\u00f6glich bearbeiten zu k\u00f6nnen.<\/p>\n<p>Bei Anfragen f\u00fcr Erstazteile bitte immer Hersteller, Modell und Seriennummer mit angeben.<\/p>\n<p>Katalog &#8211; <a href=\"https:\/\/www.bootsvertrieb-schulz.de\/wp-content\/uploads\/2025\/06\/OUTBOARDS_2025-EN.pdf\" target=\"_blank\" rel=\"noopener\">SELVA Outboards<\/a><\/p>\n\n\n<p><\/p>\n","protected":false},"excerpt":{"rendered":"<p>Gerne bieten wir Ihnen als Ansprechpartner die passende Motorisierung f\u00fcr Ihr Boot an, ob als Hauptantrieb oder als Hilfsmotor. Sie bekommen bei uns Ersatzteile, sowie Zubeh\u00f6r f\u00fcr Ihre Motoren. F\u00fcr Anfragen per E-Mail bitte Name und Telefonnummer mit angeben, um Ihr Anliegen schnellstm\u00f6glich bearbeiten zu k\u00f6nnen. Bei Anfragen f\u00fcr Erstazteile bitte immer Hersteller, Modell und &hellip; <a href=\"https:\/\/www.bootsvertrieb-schulz.de\/?page_id=42\" class=\"more-link\"><span class=\"screen-reader-text\">Motoren<\/span> weiterlesen <span class=\"meta-nav\">&rarr;<\/span><\/a><\/p>\n","protected":false},"author":1,"featured_media":0,"parent":37,"menu_order":0,"comment_status":"closed","ping_status":"closed","template":"","meta":{"footnotes":""},"class_list":["post-42","page","type-page","status-publish","hentry"],"_links":{"self":[{"href":"https:\/\/www.bootsvertrieb-schulz.de\/index.php?rest_route=\/wp\/v2\/pages\/42","targetHints":{"allow":["GET"]}}],"collection":[{"href":"https:\/\/www.bootsvertrieb-schulz.de\/index.php?rest_route=\/wp\/v2\/pages"}],"about":[{"href":"https:\/\/www.bootsvertrieb-schulz.de\/index.php?rest_route=\/wp\/v2\/types\/page"}],"author":[{"embeddable":true,"href":"https:\/\/www.bootsvertrieb-schulz.de\/index.php?rest_route=\/wp\/v2\/users\/1"}],"replies":[{"embeddable":true,"href":"https:\/\/www.bootsvertrieb-schulz.de\/index.php?rest_route=%2Fwp%2Fv2%2Fcomments&post=42"}],"version-history":[{"count":4,"href":"https:\/\/www.bootsvertrieb-schulz.de\/index.php?rest_route=\/wp\/v2\/pages\/42\/revisions"}],"predecessor-version":[{"id":165,"href":"https:\/\/www.bootsvertrieb-schulz.de\/index.php?rest_route=\/wp\/v2\/pages\/42\/revisions\/165"}],"up":[{"embeddable":true,"href":"https:\/\/www.bootsvertrieb-schulz.de\/index.php?rest_route=\/wp\/v2\/pages\/37"}],"wp:attachment":[{"href":"https:\/\/www.bootsvertrieb-schulz.de\/index.php?rest_route=%2Fwp%2Fv2%2Fmedia&parent=42"}],"curies":[{"name":"wp","href":"https:\/\/api.w.org\/{rel}","templated":true}]}}