{"id":10,"date":"2014-12-27T17:41:30","date_gmt":"2014-12-27T16:41:30","guid":{"rendered":"http:\/\/www.bootsvertrieb-schulz.de?page_id=10"},"modified":"2024-03-13T21:43:26","modified_gmt":"2024-03-13T20:43:26","slug":"verleih","status":"publish","type":"page","link":"https:\/\/www.bootsvertrieb-schulz.de\/?page_id=10","title":{"rendered":"Verleih"},"content":{"rendered":"<p><em>In unserem Verleih stehen Ihnen Tretboote, Kanus, Kajaks, SUPs (Stand up Paddle) und Fahrr\u00e4der zur Verf\u00fcgung, um das nahegelegene Naturschutzgebiet K\u00fchkopf zu erkunden.\u00a0\u00a0<\/em><\/p>\n<p><em>Sie gelangen von unserem kleinen Hafen direkt auf den Altrhein und k\u00f6nnen von dort mit der Flie\u00dfrichtung des Rheins oder auch gegen die Flie\u00dfrichtung die Natur erkunden.\u00a0\u00a0\u00a0\u00a0\u00a0\u00a0\u00a0\u00a0\u00a0\u00a0\u00a0\u00a0\u00a0\u00a0\u00a0\u00a0\u00a0\u00a0\u00a0\u00a0\u00a0\u00a0\u00a0\u00a0\u00a0\u00a0\u00a0\u00a0\u00a0\u00a0\u00a0\u00a0\u00a0\u00a0\u00a0\u00a0\u00a0\u00a0\u00a0\u00a0\u00a0\u00a0\u00a0\u00a0\u00a0\u00a0\u00a0\u00a0\u00a0\u00a0\u00a0\u00a0\u00a0\u00a0\u00a0\u00a0\u00a0\u00a0\u00a0\u00a0\u00a0\u00a0\u00a0\u00a0\u00a0\u00a0\u00a0\u00a0\u00a0\u00a0\u00a0\u00a0\u00a0\u00a0\u00a0\u00a0<\/em><\/p>\n<p><em>Der Altrheinarm erstreckt sich auf 17km L\u00e4nge.\u00a0\u00a0\u00a0\u00a0\u00a0\u00a0\u00a0\u00a0\u00a0\u00a0<\/em><\/p>\n<p><em>Um Ihnen einen Ausflug zu erm\u00f6glichen, ist eine vorherige Reservierung ratsam.<\/em><\/p>\n<p><em>Gerne k\u00f6nnen Sie auch Ihren Betriebsausflug oder Geburtstagsfeier auf dem Wasser verbringen. <\/em><\/p>\n<p><em>Wir sind unter der Telefonnummer 01520\/6590919 erreichbar oder schicken Sie uns eine Reservierungsanfrage per Mail unter bootsverleih.schulz@gmail.com<\/em><\/p>\n<p><em>Bitte geben Sie bei\u00a0<strong>Reservierungsanfragen<\/strong>\u00a0per\u00a0<strong>E-Mail<\/strong>\u00a0Ihren\u00a0<strong>Namen<\/strong>\u00a0und\u00a0<strong>Telefonnummer<\/strong>\u00a0an, damit wir Ihre Anfrage schnellstm\u00f6glich beantworten k\u00f6nnen.<\/em><\/p>\n<p><em>Zus\u00e4tzliche eigene mitgebrachte Boote oder Wasserfahrzeuge k\u00f6nnen bei uns gegen eine Geb\u00fchr zu Wasser gelassen werden. Bitte um vorherige Anmeldung.<\/em><\/p>\n<p><em>Sollten Sie selbst mit dem Boot oder Fahrrad auf der Durchreise sein, hei\u00dfen wir Sie gerne bei uns zu einer Pause willkommen.<\/em><\/p>\n<p><em>Mit einem Eis oder erfrischenden Getr\u00e4nk l\u00e4sst es sich auf unserer Terrasse am Wasser gut erholen.<\/em><\/p>\n<p><em>\u00a0<\/em><\/p>\n<p><em>Neben den Verleih bieten wir auch in Zusammenarbeite gef\u00fchrte Paddeltouren mit einem <a href=\"https:\/\/sin-natur.de\/zu-wasser\/\" target=\"_blank\" rel=\"noopener\">Guide<\/a> an.<br \/>\n<\/em><\/p>\n","protected":false},"excerpt":{"rendered":"<p>In unserem Verleih stehen Ihnen Tretboote, Kanus, Kajaks, SUPs (Stand up Paddle) und Fahrr\u00e4der zur Verf\u00fcgung, um das nahegelegene Naturschutzgebiet K\u00fchkopf zu erkunden.\u00a0\u00a0 Sie gelangen von unserem kleinen Hafen direkt auf den Altrhein und k\u00f6nnen von dort mit der Flie\u00dfrichtung des Rheins oder auch gegen die Flie\u00dfrichtung die Natur erkunden.\u00a0\u00a0\u00a0\u00a0\u00a0\u00a0\u00a0\u00a0\u00a0\u00a0\u00a0\u00a0\u00a0\u00a0\u00a0\u00a0\u00a0\u00a0\u00a0\u00a0\u00a0\u00a0\u00a0\u00a0\u00a0\u00a0\u00a0\u00a0\u00a0\u00a0\u00a0\u00a0\u00a0\u00a0\u00a0\u00a0\u00a0\u00a0\u00a0\u00a0\u00a0\u00a0\u00a0\u00a0\u00a0\u00a0\u00a0\u00a0\u00a0\u00a0\u00a0\u00a0\u00a0\u00a0\u00a0\u00a0\u00a0\u00a0\u00a0\u00a0\u00a0\u00a0\u00a0\u00a0\u00a0\u00a0\u00a0\u00a0\u00a0\u00a0\u00a0\u00a0\u00a0\u00a0\u00a0\u00a0 Der Altrheinarm erstreckt sich auf &hellip; <a href=\"https:\/\/www.bootsvertrieb-schulz.de\/?page_id=10\" class=\"more-link\"><span class=\"screen-reader-text\">Verleih<\/span> weiterlesen <span class=\"meta-nav\">&rarr;<\/span><\/a><\/p>\n","protected":false},"author":1,"featured_media":0,"parent":0,"menu_order":0,"comment_status":"closed","ping_status":"closed","template":"","meta":{"footnotes":""},"class_list":["post-10","page","type-page","status-publish","hentry"],"_links":{"self":[{"href":"https:\/\/www.bootsvertrieb-schulz.de\/index.php?rest_route=\/wp\/v2\/pages\/10","targetHints":{"allow":["GET"]}}],"collection":[{"href":"https:\/\/www.bootsvertrieb-schulz.de\/index.php?rest_route=\/wp\/v2\/pages"}],"about":[{"href":"https:\/\/www.bootsvertrieb-schulz.de\/index.php?rest_route=\/wp\/v2\/types\/page"}],"author":[{"embeddable":true,"href":"https:\/\/www.bootsvertrieb-schulz.de\/index.php?rest_route=\/wp\/v2\/users\/1"}],"replies":[{"embeddable":true,"href":"https:\/\/www.bootsvertrieb-schulz.de\/index.php?rest_route=%2Fwp%2Fv2%2Fcomments&post=10"}],"version-history":[{"count":6,"href":"https:\/\/www.bootsvertrieb-schulz.de\/index.php?rest_route=\/wp\/v2\/pages\/10\/revisions"}],"predecessor-version":[{"id":147,"href":"https:\/\/www.bootsvertrieb-schulz.de\/index.php?rest_route=\/wp\/v2\/pages\/10\/revisions\/147"}],"wp:attachment":[{"href":"https:\/\/www.bootsvertrieb-schulz.de\/index.php?rest_route=%2Fwp%2Fv2%2Fmedia&parent=10"}],"curies":[{"name":"wp","href":"https:\/\/api.w.org\/{rel}","templated":true}]}}